{"id":15766,"date":"2016-10-25T18:05:28","date_gmt":"2016-10-25T15:05:28","guid":{"rendered":"http:\/\/www.incdie-icpe.ro\/?page_id=15766"},"modified":"2021-02-23T16:21:47","modified_gmt":"2021-02-23T13:21:47","slug":"go-electric","status":"publish","type":"page","link":"http:\/\/www.icpe.ro\/ro\/go-electric\/","title":{"rendered":"GO ELECTRIC"},"content":{"rendered":"<p>[vc_row top_padding=&#8221;40&#8243; bottom_padding=&#8221;40&#8243;][vc_column width=&#8221;1\/2&#8243;]<div class=\"single_image wpb_content_element align-left    \" data-animation=\"none\" data-delay=\"0\"><img width=\"300\" height=\"58\" src=\"http:\/\/www.icpe.ro\/ro\/wp-content\/uploads\/2016\/10\/Membru-Fondator-Icpe-01-300x58.png\" class=\"attachment-medium\" alt=\"\" loading=\"lazy\" srcset=\"http:\/\/www.icpe.ro\/ro\/wp-content\/uploads\/2016\/10\/Membru-Fondator-Icpe-01-300x58.png 300w, http:\/\/www.icpe.ro\/ro\/wp-content\/uploads\/2016\/10\/Membru-Fondator-Icpe-01.png 596w\" sizes=\"(max-width: 300px) 100vw, 300px\" \/><\/div>[vc_column_text]<\/p>\n<h6 style=\"text-align: justify;\"><strong>go electric<\/strong> este o re\u0163ea de firme creat\u0103 cu scopul de a concentra eforturile pentru dezvoltarea \u015fi implementarea conceptului de mobilitate electric\u0103 \u00een regiunea Bucure\u015fti-Ilfov.<\/h6>\n<h6 style=\"text-align: justify;\">Grupul fondator este constituit din organiza\u0163ii de cercetare, IMM-uri, ONG-uri \u015fi universit\u0103\u021bi care, prin proiectele propuse,\u00a0 promoveaz\u0103 mobilitatea electric\u0103.<\/h6>\n<h6 style=\"text-align: justify;\">Obiectivul general al clusterului <strong>&#8220;go electric&#8221;<\/strong>, este acela de a promova solu\u0163ii pentru o dezvoltare durabil\u0103 \u00een domeniul transporturilor bazat\u0103 pe vehicule electrice \u015fi de a sus\u0163ine activitatea membrilor s\u0103i.<\/h6>\n<p>[\/vc_column_text][\/vc_column][vc_column column_center=&#8221;true&#8221; width=&#8221;1\/2&#8243;]<div class=\"single_image wpb_content_element align-center   image_zoom \" data-animation=\"none\" data-delay=\"0\"><img width=\"300\" height=\"56\" src=\"http:\/\/www.icpe.ro\/ro\/wp-content\/uploads\/2016\/10\/Logo-Go-Electric-300x56.png\" class=\"attachment-medium\" alt=\"\" loading=\"lazy\" srcset=\"http:\/\/www.icpe.ro\/ro\/wp-content\/uploads\/2016\/10\/Logo-Go-Electric-300x56.png 300w, http:\/\/www.icpe.ro\/ro\/wp-content\/uploads\/2016\/10\/Logo-Go-Electric.png 595w\" sizes=\"(max-width: 300px) 100vw, 300px\" \/><\/div>[\/vc_column][\/vc_row][vc_row type=&#8221;full_width_section&#8221; bg_image=&#8221;20619&#8243; text_align=&#8221;center&#8221; top_padding=&#8221;100&#8243; bottom_padding=&#8221;400&#8243; bg_position=&#8221;left top&#8221;][vc_column bg_color=&#8221;rgba(25,25,25,0.01)&#8221; text_align=&#8221;center&#8221;]<a href=\"http:\/\/www.goelectric.ro\" target=\"_blank\" class=\"button red large \" style=\"border-radius: 2px;\">goelectric.ro<\/a>[\/vc_column][\/vc_row]<\/p>\n","protected":false},"excerpt":{"rendered":"<p>[vc_row top_padding=&#8221;40&#8243; bottom_padding=&#8221;40&#8243;][vc_column width=&#8221;1\/2&#8243;][vc_column_text] go electric este o re\u0163ea de firme creat\u0103 cu scopul de a concentra eforturile pentru dezvoltarea \u015fi implementarea conceptului de mobilitate electric\u0103 \u00een regiunea Bucure\u015fti-Ilfov. Grupul fondator este constituit din organiza\u0163ii de cercetare, IMM-uri, ONG-uri \u015fi universit\u0103\u021bi care, prin proiectele propuse,\u00a0 promoveaz\u0103 mobilitatea electric\u0103. Obiectivul general al clusterului &#8220;go electric&#8221;, este acela de a promova solu\u0163ii pentru o dezvoltare durabil\u0103 \u00een domeniul transporturilor bazat\u0103 pe vehicule electrice \u015fi de a sus\u0163ine activitatea membrilor s\u0103i. [\/vc_column_text][\/vc_column][vc_column column_center=&#8221;true&#8221; width=&#8221;1\/2&#8243;][\/vc_column][\/vc_row][vc_row type=&#8221;full_width_section&#8221; bg_image=&#8221;20619&#8243; text_align=&#8221;center&#8221; top_padding=&#8221;100&#8243; bottom_padding=&#8221;400&#8243; bg_position=&#8221;left top&#8221;][vc_column bg_color=&#8221;rgba(25,25,25,0.01)&#8221; text_align=&#8221;center&#8221;][\/vc_column][\/vc_row]<\/p>\n","protected":false},"author":1,"featured_media":0,"parent":0,"menu_order":160,"comment_status":"closed","ping_status":"open","template":"","meta":[],"folder":[46],"_links":{"self":[{"href":"http:\/\/www.icpe.ro\/ro\/wp-json\/wp\/v2\/pages\/15766"}],"collection":[{"href":"http:\/\/www.icpe.ro\/ro\/wp-json\/wp\/v2\/pages"}],"about":[{"href":"http:\/\/www.icpe.ro\/ro\/wp-json\/wp\/v2\/types\/page"}],"author":[{"embeddable":true,"href":"http:\/\/www.icpe.ro\/ro\/wp-json\/wp\/v2\/users\/1"}],"replies":[{"embeddable":true,"href":"http:\/\/www.icpe.ro\/ro\/wp-json\/wp\/v2\/comments?post=15766"}],"version-history":[{"count":0,"href":"http:\/\/www.icpe.ro\/ro\/wp-json\/wp\/v2\/pages\/15766\/revisions"}],"wp:attachment":[{"href":"http:\/\/www.icpe.ro\/ro\/wp-json\/wp\/v2\/media?parent=15766"}],"wp:term":[{"taxonomy":"folder","embeddable":true,"href":"http:\/\/www.icpe.ro\/ro\/wp-json\/wp\/v2\/folder?post=15766"}],"curies":[{"name":"wp","href":"https:\/\/api.w.org\/{rel}","templated":true}]}}