{"id":15760,"date":"2016-10-25T18:02:11","date_gmt":"2016-10-25T15:02:11","guid":{"rendered":"http:\/\/www.incdie-icpe.ro\/?page_id=15760"},"modified":"2017-12-14T12:37:06","modified_gmt":"2017-12-14T09:37:06","slug":"eea","status":"publish","type":"page","link":"http:\/\/www.icpe.ro\/ro\/eea\/","title":{"rendered":"EEA"},"content":{"rendered":"<p>[vc_row bg_color=&#8221;#51a8b1&#8243; text_align=&#8221;center&#8221;][vc_column column_padding=&#8221;padding-7&#8243; column_center=&#8221;true&#8221; width=&#8221;1\/2&#8243;]<div class=\"single_image wpb_content_element align-center    \" data-animation=\"none\" data-delay=\"0\"><a href=\"http:\/\/www.eea-journal.ro\/\" target=\"_blank\"><img width=\"1024\" height=\"880\" src=\"http:\/\/www.icpe.ro\/ro\/wp-content\/uploads\/2016\/10\/Revista-EEA-1950-1024x880.png\" class=\"attachment-large\" alt=\"\" loading=\"lazy\" srcset=\"http:\/\/www.icpe.ro\/ro\/wp-content\/uploads\/2016\/10\/Revista-EEA-1950-1024x880.png 1024w, http:\/\/www.icpe.ro\/ro\/wp-content\/uploads\/2016\/10\/Revista-EEA-1950-300x258.png 300w, http:\/\/www.icpe.ro\/ro\/wp-content\/uploads\/2016\/10\/Revista-EEA-1950-768x660.png 768w\" sizes=\"(max-width: 1024px) 100vw, 1024px\" \/><\/a><\/div>[\/vc_column][vc_column text_color=&#8221;light&#8221; width=&#8221;1\/2&#8243;]<div class=\"spacer\" style=\"height: 40px;\"><\/div>[vc_column_text]<\/p>\n<h6 style=\"text-align: center;\">Revista EEA<br \/>\nElectrotehnica, Electronica, Automatica<\/h6>\n<p>[\/vc_column_text]<div class=\"divider divider8\" style='margin:-20px 0 20px 0 !important;'><\/div>[vc_column_text]<\/p>\n<p style=\"text-align: center;\">Revist\u0103 Tehnico-\u015etiin\u0163ific\u0103<br \/>\n4 numere pe an |\u00a0 ISSN 1582-5175 | Revist\u0103 clasificat\u0103 B+ de CNCSIS<\/p>\n<p>[\/vc_column_text]<a href=\"http:\/\/www.eea-journal.ro\/\" target=\"_blank\" class=\"button color-4 small \" style=\"border-radius: 2px;\">eea-journal.ro<\/a><a href=\"http:\/\/www.eea-journal.ro\/files\/0\/Offer_EEA_2017.pdf\" target=\"_blank\" class=\"button color-4 small \" style=\"border-radius: 2px;\">Abonare<\/a>[vc_column_text]<b><\/b><\/p>\n<p style=\"text-align: left;\">Revista EEA a fost \u00eenfiin\u021bat\u0103 \u00een anul 1950 sub denumirea &#8221;Electricitatea&#8221;, av\u00e2nd scopul de a publica articole specifice de profil tehnico-\u0219tiin\u021bific.<\/p>\n<p style=\"text-align: left;\">| Apari\u0163ie ne\u00eentrerupt\u0103 din 1950<\/p>\n<p style=\"text-align: left;\">| EEA este cea mai reprezentativ\u0103 publica\u0163ie de specialitate din domeniul \u015ftiin\u0163elor inginere\u015fti datorit\u0103 calit\u0103\u0163ii \u015fi a standardelor \u00eenalte ale articolelor.<\/p>\n<p style=\"text-align: left;\">| EEA este inclus\u0103 \u00een bazele interna\u0163ionale de date:<br \/>\n\/ Ulrichsweb.com&#x2122; (1997-present)<br \/>\n\/ Index Copernicus International (2009)<br \/>\n\/ Elsevier- Engineering Village-Scopus (2012)<br \/>\n\/ Elsevier- Engineering Village-Compendex (2012)<br \/>\n\/ ProQuest (2010)<br \/>\n\/ EBSCO (2014)<\/p>\n<p>[\/vc_column_text]<div class=\"spacer\" style=\"height: 40px;\"><\/div>[\/vc_column][\/vc_row]<\/p>\n","protected":false},"excerpt":{"rendered":"<p>[vc_row bg_color=&#8221;#51a8b1&#8243; text_align=&#8221;center&#8221;][vc_column column_padding=&#8221;padding-7&#8243; column_center=&#8221;true&#8221; width=&#8221;1\/2&#8243;][\/vc_column][vc_column text_color=&#8221;light&#8221; width=&#8221;1\/2&#8243;][vc_column_text] Revista EEA Electrotehnica, Electronica, Automatica [\/vc_column_text][vc_column_text] Revist\u0103 Tehnico-\u015etiin\u0163ific\u0103 4 numere pe an |\u00a0 ISSN 1582-5175 | Revist\u0103 clasificat\u0103 B+ de CNCSIS [\/vc_column_text][vc_column_text] Revista EEA a fost \u00eenfiin\u021bat\u0103 \u00een anul 1950 sub denumirea &#8221;Electricitatea&#8221;, av\u00e2nd scopul de a publica articole specifice de profil tehnico-\u0219tiin\u021bific. | Apari\u0163ie ne\u00eentrerupt\u0103 din 1950 | EEA este cea mai reprezentativ\u0103 publica\u0163ie de specialitate din domeniul \u015ftiin\u0163elor inginere\u015fti datorit\u0103 calit\u0103\u0163ii \u015fi a standardelor \u00eenalte ale articolelor. | EEA este inclus\u0103 \u00een bazele interna\u0163ionale de date: \/ Ulrichsweb.com&#x2122; (1997-present) \/ Index Copernicus International (2009) \/ Elsevier- Engineering Village-Scopus (2012) \/ Elsevier- Engineering Village-Compendex (2012) \/ ProQuest (2010) \/ EBSCO (2014) [\/vc_column_text][\/vc_column][\/vc_row]<\/p>\n","protected":false},"author":1,"featured_media":0,"parent":0,"menu_order":126,"comment_status":"closed","ping_status":"open","template":"","meta":[],"folder":[46],"_links":{"self":[{"href":"http:\/\/www.icpe.ro\/ro\/wp-json\/wp\/v2\/pages\/15760"}],"collection":[{"href":"http:\/\/www.icpe.ro\/ro\/wp-json\/wp\/v2\/pages"}],"about":[{"href":"http:\/\/www.icpe.ro\/ro\/wp-json\/wp\/v2\/types\/page"}],"author":[{"embeddable":true,"href":"http:\/\/www.icpe.ro\/ro\/wp-json\/wp\/v2\/users\/1"}],"replies":[{"embeddable":true,"href":"http:\/\/www.icpe.ro\/ro\/wp-json\/wp\/v2\/comments?post=15760"}],"version-history":[{"count":0,"href":"http:\/\/www.icpe.ro\/ro\/wp-json\/wp\/v2\/pages\/15760\/revisions"}],"wp:attachment":[{"href":"http:\/\/www.icpe.ro\/ro\/wp-json\/wp\/v2\/media?parent=15760"}],"wp:term":[{"taxonomy":"folder","embeddable":true,"href":"http:\/\/www.icpe.ro\/ro\/wp-json\/wp\/v2\/folder?post=15760"}],"curies":[{"name":"wp","href":"https:\/\/api.w.org\/{rel}","templated":true}]}}