{"id":15758,"date":"2016-10-25T17:59:35","date_gmt":"2016-10-25T14:59:35","guid":{"rendered":"http:\/\/www.incdie-icpe.ro\/?page_id=15758"},"modified":"2021-02-24T10:25:36","modified_gmt":"2021-02-24T07:25:36","slug":"editura-electra","status":"publish","type":"page","link":"http:\/\/www.icpe.ro\/ro\/editura-electra\/","title":{"rendered":"Editura Electra"},"content":{"rendered":"<p>[vc_row bg_image=&#8221;16020&#8243; parallax_bg=&#8221;true&#8221; text_color=&#8221;light&#8221; text_align=&#8221;center&#8221; top_padding=&#8221;80&#8243; bottom_padding=&#8221;80&#8243;][vc_column width=&#8221;1\/2&#8243;]<div class=\"single_image wpb_content_element align-left   image_greyscale \" data-animation=\"none\" data-delay=\"0\"><img width=\"471\" height=\"316\" src=\"http:\/\/www.icpe.ro\/ro\/wp-content\/uploads\/2016\/10\/Pix.jpg\" class=\"attachment-full\" alt=\"\" loading=\"lazy\" srcset=\"http:\/\/www.icpe.ro\/ro\/wp-content\/uploads\/2016\/10\/Pix.jpg 471w, http:\/\/www.icpe.ro\/ro\/wp-content\/uploads\/2016\/10\/Pix-300x201.jpg 300w\" sizes=\"(max-width: 471px) 100vw, 471px\" \/><\/div>[\/vc_column][vc_column text_color=&#8221;light&#8221; text_align=&#8221;center&#8221; width=&#8221;1\/2&#8243;]<div class=\"divider divider8\" style='margin:60px 0 60px 0 !important;'><\/div>[vc_column_text]<\/p>\n<h6 style=\"text-align: center;\"><\/h6>\n<h6 style=\"text-align: center;\"><\/h6>\n<h5 style=\"text-align: center;\">Cite\u015fte! Citind mereu, creierul t\u0103u va deveni un laborator de idei \u015fi imagini, din care vei \u00eentocmi \u00een\u0163elesul \u015fi filozofia vie\u0163ii.<\/h5>\n<p style=\"text-align: center;\">Mihai EMINESCU<\/p>\n<p>[\/vc_column_text][\/vc_column][\/vc_row][vc_row top_padding=&#8221;80&#8243; bottom_padding=&#8221;80&#8243;][vc_column width=&#8221;1\/2&#8243;][vc_column_text]<\/p>\n<h5 style=\"text-align: justify;\">Parte a Icpe, Editura ELECTRA este considerat\u0103 a fi una dintre cele mai prestigioase edituri din Rom\u00e2nia \u00een domeniul public\u0103rii de carte \u015ftiin\u0163ific\u0103.<\/h5>\n<h5 style=\"text-align: justify;\">Figureaz\u0103 pe lista editurilor recunoscute de CNSIS din anul 2001 fiind \u00eenfiin\u021bat\u0103 prin Atestatul \u0219i Avizul de func\u021bionare nr. 1949\/15.04.1993 eliberat de Comisia de acreditare din cadrul Ministerului Culturii.<\/h5>\n<p>[\/vc_column_text]<a href=\"http:\/\/www.editura-electra.ro\" target=\"_blank\" class=\"button color-5 small \" style=\"border-radius: 2px;\">editura-electra.ro<\/a>[vc_column_text]<\/p>\n<h5 style=\"text-align: justify;\"><\/h5>\n<h5 style=\"text-align: justify;\">Editura ELECTRA este recunoscut\u0103 ca editor al revistei \u015ftiin\u0163ifice EEA &#8211; Electrotehnica, Electronica, Automatica.<\/h5>\n<p>[\/vc_column_text]<a href=\"http:\/\/www.eea-journal.ro\/\" target=\"_blank\" class=\"button color-5 small \" style=\"border-radius: 2px;\">eea-journal.ro<\/a>[\/vc_column][vc_column width=&#8221;1\/2&#8243;]<div class=\"flexslider wpb_content_element\"><ul class=\"slides\"><li><img src=\"http:\/\/www.icpe.ro\/ro\/wp-content\/uploads\/2016\/10\/Editura-Electra-Expozitii.jpg\" alt=\"\" \/><\/li><li><img src=\"http:\/\/www.icpe.ro\/ro\/wp-content\/uploads\/2016\/10\/Editura-Electra-Gaudeamus.jpg\" alt=\"\" \/><\/li><\/ul><\/div>[\/vc_column][\/vc_row][vc_row bg_color=&#8221;#51a8b1&#8243; text_color=&#8221;light&#8221; top_padding=&#8221;80&#8243; bottom_padding=&#8221;80&#8243;][vc_column width=&#8221;1\/2&#8243;]<div class=\"single_image wpb_content_element align-center    \" data-animation=\"none\" data-delay=\"0\"><a href=\"http:\/\/www.editura-electra.ro\/ro\" target=\"_blank\"><img width=\"300\" height=\"56\" src=\"http:\/\/www.icpe.ro\/ro\/wp-content\/uploads\/2016\/10\/Logo-Editura-Electra-300x56.png\" class=\"attachment-medium\" alt=\"\" loading=\"lazy\" srcset=\"http:\/\/www.icpe.ro\/ro\/wp-content\/uploads\/2016\/10\/Logo-Editura-Electra-300x56.png 300w, http:\/\/www.icpe.ro\/ro\/wp-content\/uploads\/2016\/10\/Logo-Editura-Electra.png 595w\" sizes=\"(max-width: 300px) 100vw, 300px\" \/><\/a><\/div>[\/vc_column][vc_column column_center=&#8221;true&#8221; text_color=&#8221;light&#8221; text_align=&#8221;center&#8221; width=&#8221;1\/2&#8243;]<h3 class=\"headline font-inherit fontsize-l fontweight-500 lh-inherit align-center transform-inherit \" style=\"margin: 0 0 20px 0; color: #ffffff;\">Activit\u0103\u021bile editurii<\/h3>[vc_column_text]<\/p>\n<ul>\n<li style=\"text-align: left;\"><span style=\"color: #ffffff;\">Editarea revistei EEA<\/span><\/li>\n<li style=\"text-align: left;\"><span style=\"color: #ffffff;\">Editare de c\u0103r\u0163i cu toate activit\u0103\u0163ile pe care le presupune preg\u0103tirea pentru tipar<\/span><\/li>\n<li style=\"text-align: left;\"><span style=\"color: #ffffff;\">Activitate de desfacere a c\u0103r\u0163ilor \u015fi revistelor editate<br \/>\n<\/span><\/li>\n<li style=\"text-align: left;\"><span style=\"color: #ffffff;\">Participare la t\u00e2rguri de carte<\/span><\/li>\n<li style=\"text-align: left;\"><span style=\"color: #ffffff;\">Dezvoltarea de proiecte de cercetare \u00een domeniul activit\u0103\u021bilor de profil.<br \/>\n<\/span><\/li>\n<\/ul>\n<p>[\/vc_column_text][\/vc_column][\/vc_row]<\/p>\n","protected":false},"excerpt":{"rendered":"<p>[vc_row bg_image=&#8221;16020&#8243; parallax_bg=&#8221;true&#8221; text_color=&#8221;light&#8221; text_align=&#8221;center&#8221; top_padding=&#8221;80&#8243; bottom_padding=&#8221;80&#8243;][vc_column width=&#8221;1\/2&#8243;][\/vc_column][vc_column text_color=&#8221;light&#8221; text_align=&#8221;center&#8221; width=&#8221;1\/2&#8243;][vc_column_text] Cite\u015fte! Citind mereu, creierul t\u0103u va deveni un laborator de idei \u015fi imagini, din care vei \u00eentocmi \u00een\u0163elesul \u015fi filozofia vie\u0163ii. Mihai EMINESCU [\/vc_column_text][\/vc_column][\/vc_row][vc_row top_padding=&#8221;80&#8243; bottom_padding=&#8221;80&#8243;][vc_column width=&#8221;1\/2&#8243;][vc_column_text] Parte a Icpe, Editura ELECTRA este considerat\u0103 a fi una dintre cele mai prestigioase edituri din Rom\u00e2nia \u00een domeniul public\u0103rii de carte \u015ftiin\u0163ific\u0103. Figureaz\u0103 pe lista editurilor recunoscute de CNSIS din anul 2001 fiind \u00eenfiin\u021bat\u0103 prin Atestatul \u0219i Avizul de func\u021bionare nr. 1949\/15.04.1993 eliberat de Comisia de acreditare din cadrul Ministerului Culturii. [\/vc_column_text][vc_column_text] Editura ELECTRA este recunoscut\u0103 ca editor al revistei \u015ftiin\u0163ifice EEA &#8211; Electrotehnica, Electronica, Automatica. [\/vc_column_text][\/vc_column][vc_column width=&#8221;1\/2&#8243;][\/vc_column][\/vc_row][vc_row bg_color=&#8221;#51a8b1&#8243; text_color=&#8221;light&#8221; top_padding=&#8221;80&#8243; bottom_padding=&#8221;80&#8243;][vc_column width=&#8221;1\/2&#8243;][\/vc_column][vc_column column_center=&#8221;true&#8221; text_color=&#8221;light&#8221; text_align=&#8221;center&#8221; width=&#8221;1\/2&#8243;][vc_column_text] Editarea revistei EEA Editare de c\u0103r\u0163i cu toate activit\u0103\u0163ile pe care le presupune preg\u0103tirea pentru tipar Activitate de desfacere a c\u0103r\u0163ilor \u015fi revistelor editate Participare la t\u00e2rguri de carte Dezvoltarea de proiecte de cercetare \u00een domeniul activit\u0103\u021bilor de profil. [\/vc_column_text][\/vc_column][\/vc_row]<\/p>\n","protected":false},"author":1,"featured_media":0,"parent":0,"menu_order":125,"comment_status":"closed","ping_status":"open","template":"","meta":[],"folder":[46],"_links":{"self":[{"href":"http:\/\/www.icpe.ro\/ro\/wp-json\/wp\/v2\/pages\/15758"}],"collection":[{"href":"http:\/\/www.icpe.ro\/ro\/wp-json\/wp\/v2\/pages"}],"about":[{"href":"http:\/\/www.icpe.ro\/ro\/wp-json\/wp\/v2\/types\/page"}],"author":[{"embeddable":true,"href":"http:\/\/www.icpe.ro\/ro\/wp-json\/wp\/v2\/users\/1"}],"replies":[{"embeddable":true,"href":"http:\/\/www.icpe.ro\/ro\/wp-json\/wp\/v2\/comments?post=15758"}],"version-history":[{"count":0,"href":"http:\/\/www.icpe.ro\/ro\/wp-json\/wp\/v2\/pages\/15758\/revisions"}],"wp:attachment":[{"href":"http:\/\/www.icpe.ro\/ro\/wp-json\/wp\/v2\/media?parent=15758"}],"wp:term":[{"taxonomy":"folder","embeddable":true,"href":"http:\/\/www.icpe.ro\/ro\/wp-json\/wp\/v2\/folder?post=15758"}],"curies":[{"name":"wp","href":"https:\/\/api.w.org\/{rel}","templated":true}]}}