{"id":12805,"date":"2015-01-06T19:43:31","date_gmt":"2015-01-06T19:43:31","guid":{"rendered":"http:\/\/localhost\/themes\/unicon\/?page_id=12805"},"modified":"2021-10-25T12:33:14","modified_gmt":"2021-10-25T09:33:14","slug":"parcul-solar","status":"publish","type":"page","link":"http:\/\/www.icpe.ro\/ro\/parcul-solar\/","title":{"rendered":"Parcul Solar ICPE"},"content":{"rendered":"<p>[vc_row bg_image=&#8221;15819&#8243; parallax_bg=&#8221;true&#8221; bg_color=&#8221;#f9f9f9&#8243; top_padding=&#8221;360&#8243; bottom_padding=&#8221;270&#8243; bg_position=&#8221;left top&#8221;][vc_column width=&#8221;1\/2&#8243;]<div class=\"headline font-special fontsize-inherit fontweight-400 lh-12 align-left transform-uppercase superlarge\" style=\"margin: 0; color: #d11d1d;\"><\/div>[\/vc_column][vc_column width=&#8221;1\/2&#8243;][\/vc_column][\/vc_row][vc_row top_padding=&#8221;100&#8243; bottom_padding=&#8221;100&#8243; bg_position=&#8221;left top&#8221;][vc_column width=&#8221;1\/3&#8243;]<h3 class=\"headline font-special fontsize-l fontweight-700 lh-inherit align-left transform-uppercase \" style=\"margin: 0 0 20px 0; color: #333333;\">Parcul solar Icpe<\/h3><div class=\"divider divider6\" style='margin:0 !important;'><\/div>[\/vc_column][vc_column width=&#8221;2\/3&#8243;][vc_column_text]<\/p>\n<h6 style=\"text-align: justify; line-height: 150%;\">Parcul Solar ICPE este prima baz\u0103 experimental\u0103 cu component\u0103 outdoor, \u00een domeniul energiilor regenerabile, din Rom\u00e2nia, pun\u00e2nd la dispozi\u021bie laboratoare pentru caracterizarea tehnologiilor regenerabile, prima aplica\u021bie fotovoltaic\u0103 din Rom\u00e2nia integrat\u0103 \u00een fa\u0163ada unei cl\u0103diri, aplica\u021bii specifice fotovoltaice, solar termice, eoliene de mic\u0103 putere, sisteme tip tracker, pompe de c\u0103ldur\u0103, componente pentru mobilitate electric\u0103.<\/h6>\n<h6 style=\"text-align: justify; line-height: 150%;\">Parcul Solar Icpe este un pilot func\u0163ional pentru educarea publicului \u00een spiritul prezerv\u0103rii mediului, pentru \u00eencurajarea utiliz\u0103rii energiilor regenerabile \u015fi pentru \u00een\u0163elegerea conceptului de <strong>dezvoltare durabil\u0103.<\/strong><\/h6>\n<h6 style=\"text-align: justify; line-height: 150%;\">Capabilit\u0103\u0163ile \u015ftiin\u0163ifice, tehnice \u015fi experimentale create prin construc\u0163ia Parcului Solar Icpe, ofer\u0103 investi\u0163iilor \u00een domeniul energetic, un pachet complet de servicii tip ESCo, care s\u0103 le garanteze succesul proiectului de investi\u0163ii.<\/h6>\n<p>[\/vc_column_text][\/vc_column][\/vc_row]<\/p>\n","protected":false},"excerpt":{"rendered":"<p>[vc_row bg_image=&#8221;15819&#8243; parallax_bg=&#8221;true&#8221; bg_color=&#8221;#f9f9f9&#8243; top_padding=&#8221;360&#8243; bottom_padding=&#8221;270&#8243; bg_position=&#8221;left top&#8221;][vc_column width=&#8221;1\/2&#8243;][\/vc_column][vc_column width=&#8221;1\/2&#8243;][\/vc_column][\/vc_row][vc_row top_padding=&#8221;100&#8243; bottom_padding=&#8221;100&#8243; bg_position=&#8221;left top&#8221;][vc_column width=&#8221;1\/3&#8243;][\/vc_column][vc_column width=&#8221;2\/3&#8243;][vc_column_text] Parcul Solar ICPE este prima baz\u0103 experimental\u0103 cu component\u0103 outdoor, \u00een domeniul energiilor regenerabile, din Rom\u00e2nia, pun\u00e2nd la dispozi\u021bie laboratoare pentru caracterizarea tehnologiilor regenerabile, prima aplica\u021bie fotovoltaic\u0103 din Rom\u00e2nia integrat\u0103 \u00een fa\u0163ada unei cl\u0103diri, aplica\u021bii specifice fotovoltaice, solar termice, eoliene de mic\u0103 putere, sisteme tip tracker, pompe de c\u0103ldur\u0103, componente pentru mobilitate electric\u0103. Parcul Solar Icpe este un pilot func\u0163ional pentru educarea publicului \u00een spiritul prezerv\u0103rii mediului, pentru \u00eencurajarea utiliz\u0103rii energiilor regenerabile \u015fi pentru \u00een\u0163elegerea conceptului de dezvoltare durabil\u0103. Capabilit\u0103\u0163ile \u015ftiin\u0163ifice, tehnice \u015fi experimentale create prin construc\u0163ia Parcului Solar Icpe, ofer\u0103 investi\u0163iilor \u00een domeniul energetic, un pachet complet de servicii tip ESCo, care s\u0103 le garanteze succesul proiectului de investi\u0163ii. [\/vc_column_text][\/vc_column][\/vc_row]<\/p>\n","protected":false},"author":1,"featured_media":0,"parent":0,"menu_order":278,"comment_status":"open","ping_status":"open","template":"","meta":[],"folder":[46],"_links":{"self":[{"href":"http:\/\/www.icpe.ro\/ro\/wp-json\/wp\/v2\/pages\/12805"}],"collection":[{"href":"http:\/\/www.icpe.ro\/ro\/wp-json\/wp\/v2\/pages"}],"about":[{"href":"http:\/\/www.icpe.ro\/ro\/wp-json\/wp\/v2\/types\/page"}],"author":[{"embeddable":true,"href":"http:\/\/www.icpe.ro\/ro\/wp-json\/wp\/v2\/users\/1"}],"replies":[{"embeddable":true,"href":"http:\/\/www.icpe.ro\/ro\/wp-json\/wp\/v2\/comments?post=12805"}],"version-history":[{"count":0,"href":"http:\/\/www.icpe.ro\/ro\/wp-json\/wp\/v2\/pages\/12805\/revisions"}],"wp:attachment":[{"href":"http:\/\/www.icpe.ro\/ro\/wp-json\/wp\/v2\/media?parent=12805"}],"wp:term":[{"taxonomy":"folder","embeddable":true,"href":"http:\/\/www.icpe.ro\/ro\/wp-json\/wp\/v2\/folder?post=12805"}],"curies":[{"name":"wp","href":"https:\/\/api.w.org\/{rel}","templated":true}]}}